{"id":221,"date":"2024-05-01T12:45:22","date_gmt":"2024-05-01T12:45:22","guid":{"rendered":"https:\/\/hagmann.pt\/carro-importado\/?post_type=product&#038;p=221"},"modified":"2024-05-02T11:30:51","modified_gmt":"2024-05-02T11:30:51","slug":"volvo-v60-t6-awd-inscription-341cv","status":"publish","type":"product","link":"https:\/\/hagmann.pt\/carro-importado\/viaturas\/volvo-v60-t6-awd-inscription-341cv\/","title":{"rendered":"VOLVO V60 T6 AWD Inscription (341CV)"},"content":{"rendered":"","protected":false},"excerpt":{"rendered":"<p>Viatura proveniente de concession\u00e1rio oficial na Alemanha.<\/p>\n<p>Com hist\u00f3rico completo de revis\u00f5es na marca.<\/p>\n<p>Garantia: 18 meses no m\u00ednimo.<\/p>\n<p>Possibilidade de financiamento at\u00e9 120 meses.<\/p>\n","protected":false},"featured_media":222,"comment_status":"open","ping_status":"closed","template":"","meta":{"_et_pb_use_builder":"off","_et_pb_old_content":"Viatura proveniente de concession\u00e1rio oficial na Alemanha.\r\nCom hist\u00f3rico completo de revis\u00f5es na marca.\r\nGarantia: 18 meses no m\u00ednimo.\r\nPossibilidade de financiamento at\u00e9 120 meses.","_et_gb_content_width":""},"product_cat":[21],"product_tag":[],"class_list":{"0":"post-221","1":"product","2":"type-product","3":"status-publish","4":"has-post-thumbnail","6":"product_cat-sem-categoria","8":"first","9":"instock","10":"shipping-taxable","11":"product-type-simple"},"yoast_head":"<!-- This site is optimized with the Yoast SEO plugin v23.6 - https:\/\/yoast.com\/wordpress\/plugins\/seo\/ -->\n<title>VOLVO V60 T6 AWD Inscription (341CV) - Hagmann<\/title>\n<meta name=\"robots\" content=\"index, follow, max-snippet:-1, max-image-preview:large, max-video-preview:-1\" \/>\n<link rel=\"canonical\" href=\"https:\/\/hagmann.pt\/carro-importado\/viaturas\/volvo-v60-t6-awd-inscription-341cv\/\" \/>\n<meta property=\"og:locale\" content=\"pt_PT\" \/>\n<meta property=\"og:type\" content=\"article\" \/>\n<meta property=\"og:title\" content=\"VOLVO V60 T6 AWD Inscription (341CV) - Hagmann\" \/>\n<meta property=\"og:description\" content=\"Viatura proveniente de concession\u00e1rio oficial na Alemanha.  Com hist\u00f3rico completo de revis\u00f5es na marca.  Garantia: 18 meses no m\u00ednimo.  Possibilidade de financiamento at\u00e9 120 meses.\" \/>\n<meta property=\"og:url\" content=\"https:\/\/hagmann.pt\/carro-importado\/viaturas\/volvo-v60-t6-awd-inscription-341cv\/\" \/>\n<meta property=\"og:site_name\" content=\"Hagmann\" \/>\n<meta property=\"article:publisher\" content=\"https:\/\/www.facebook.com\/hagmann.auto\" \/>\n<meta property=\"article:modified_time\" content=\"2024-05-02T11:30:51+00:00\" \/>\n<meta property=\"og:image\" content=\"https:\/\/hagmann.pt\/carro-importado\/wp-content\/uploads\/2024\/05\/01_VOLVO_b.jpg\" \/>\n\t<meta property=\"og:image:width\" content=\"1024\" \/>\n\t<meta property=\"og:image:height\" content=\"700\" \/>\n\t<meta property=\"og:image:type\" content=\"image\/jpeg\" \/>\n<meta name=\"twitter:card\" content=\"summary_large_image\" \/>\n<script type=\"application\/ld+json\" class=\"yoast-schema-graph\">{\"@context\":\"https:\/\/schema.org\",\"@graph\":[{\"@type\":\"WebPage\",\"@id\":\"https:\/\/hagmann.pt\/carro-importado\/viaturas\/volvo-v60-t6-awd-inscription-341cv\/\",\"url\":\"https:\/\/hagmann.pt\/carro-importado\/viaturas\/volvo-v60-t6-awd-inscription-341cv\/\",\"name\":\"VOLVO V60 T6 AWD Inscription (341CV) - Hagmann\",\"isPartOf\":{\"@id\":\"https:\/\/hagmann.pt\/carro-importado\/#website\"},\"primaryImageOfPage\":{\"@id\":\"https:\/\/hagmann.pt\/carro-importado\/viaturas\/volvo-v60-t6-awd-inscription-341cv\/#primaryimage\"},\"image\":{\"@id\":\"https:\/\/hagmann.pt\/carro-importado\/viaturas\/volvo-v60-t6-awd-inscription-341cv\/#primaryimage\"},\"thumbnailUrl\":\"https:\/\/hagmann.pt\/carro-importado\/wp-content\/uploads\/2024\/05\/01_VOLVO_b.jpg\",\"datePublished\":\"2024-05-01T12:45:22+00:00\",\"dateModified\":\"2024-05-02T11:30:51+00:00\",\"breadcrumb\":{\"@id\":\"https:\/\/hagmann.pt\/carro-importado\/viaturas\/volvo-v60-t6-awd-inscription-341cv\/#breadcrumb\"},\"inLanguage\":\"pt-PT\",\"potentialAction\":[{\"@type\":\"ReadAction\",\"target\":[\"https:\/\/hagmann.pt\/carro-importado\/viaturas\/volvo-v60-t6-awd-inscription-341cv\/\"]}]},{\"@type\":\"ImageObject\",\"inLanguage\":\"pt-PT\",\"@id\":\"https:\/\/hagmann.pt\/carro-importado\/viaturas\/volvo-v60-t6-awd-inscription-341cv\/#primaryimage\",\"url\":\"https:\/\/hagmann.pt\/carro-importado\/wp-content\/uploads\/2024\/05\/01_VOLVO_b.jpg\",\"contentUrl\":\"https:\/\/hagmann.pt\/carro-importado\/wp-content\/uploads\/2024\/05\/01_VOLVO_b.jpg\",\"width\":1024,\"height\":700},{\"@type\":\"BreadcrumbList\",\"@id\":\"https:\/\/hagmann.pt\/carro-importado\/viaturas\/volvo-v60-t6-awd-inscription-341cv\/#breadcrumb\",\"itemListElement\":[{\"@type\":\"ListItem\",\"position\":1,\"name\":\"In\u00edcio\",\"item\":\"https:\/\/hagmann.pt\/carro-importado\/\"},{\"@type\":\"ListItem\",\"position\":2,\"name\":\"Viaturas\",\"item\":\"https:\/\/hagmann.pt\/carro-importado\/viaturas\/\"},{\"@type\":\"ListItem\",\"position\":3,\"name\":\"VOLVO V60 T6 AWD Inscription (341CV)\"}]},{\"@type\":\"WebSite\",\"@id\":\"https:\/\/hagmann.pt\/carro-importado\/#website\",\"url\":\"https:\/\/hagmann.pt\/carro-importado\/\",\"name\":\"Hagmann\",\"description\":\"Hagmann: A Sua Porta de Entrada para o Mundo Autom\u00f3vel!\",\"publisher\":{\"@id\":\"https:\/\/hagmann.pt\/carro-importado\/#organization\"},\"potentialAction\":[{\"@type\":\"SearchAction\",\"target\":{\"@type\":\"EntryPoint\",\"urlTemplate\":\"https:\/\/hagmann.pt\/carro-importado\/?s={search_term_string}\"},\"query-input\":{\"@type\":\"PropertyValueSpecification\",\"valueRequired\":true,\"valueName\":\"search_term_string\"}}],\"inLanguage\":\"pt-PT\"},{\"@type\":\"Organization\",\"@id\":\"https:\/\/hagmann.pt\/carro-importado\/#organization\",\"name\":\"Hagmann\",\"url\":\"https:\/\/hagmann.pt\/carro-importado\/\",\"logo\":{\"@type\":\"ImageObject\",\"inLanguage\":\"pt-PT\",\"@id\":\"https:\/\/hagmann.pt\/carro-importado\/#\/schema\/logo\/image\/\",\"url\":\"https:\/\/hagmann.pt\/carro-importado\/wp-content\/uploads\/2024\/03\/logo_footer.png\",\"contentUrl\":\"https:\/\/hagmann.pt\/carro-importado\/wp-content\/uploads\/2024\/03\/logo_footer.png\",\"width\":341,\"height\":67,\"caption\":\"Hagmann\"},\"image\":{\"@id\":\"https:\/\/hagmann.pt\/carro-importado\/#\/schema\/logo\/image\/\"},\"sameAs\":[\"https:\/\/www.facebook.com\/hagmann.auto\",\"https:\/\/www.instagram.com\/hagmann__automoveis\/\"]}]}<\/script>\n<!-- \/ Yoast SEO plugin. -->","yoast_head_json":{"title":"VOLVO V60 T6 AWD Inscription (341CV) - Hagmann","robots":{"index":"index","follow":"follow","max-snippet":"max-snippet:-1","max-image-preview":"max-image-preview:large","max-video-preview":"max-video-preview:-1"},"canonical":"https:\/\/hagmann.pt\/carro-importado\/viaturas\/volvo-v60-t6-awd-inscription-341cv\/","og_locale":"pt_PT","og_type":"article","og_title":"VOLVO V60 T6 AWD Inscription (341CV) - Hagmann","og_description":"Viatura proveniente de concession\u00e1rio oficial na Alemanha.  Com hist\u00f3rico completo de revis\u00f5es na marca.  Garantia: 18 meses no m\u00ednimo.  Possibilidade de financiamento at\u00e9 120 meses.","og_url":"https:\/\/hagmann.pt\/carro-importado\/viaturas\/volvo-v60-t6-awd-inscription-341cv\/","og_site_name":"Hagmann","article_publisher":"https:\/\/www.facebook.com\/hagmann.auto","article_modified_time":"2024-05-02T11:30:51+00:00","og_image":[{"width":1024,"height":700,"url":"https:\/\/hagmann.pt\/carro-importado\/wp-content\/uploads\/2024\/05\/01_VOLVO_b.jpg","type":"image\/jpeg"}],"twitter_card":"summary_large_image","schema":{"@context":"https:\/\/schema.org","@graph":[{"@type":"WebPage","@id":"https:\/\/hagmann.pt\/carro-importado\/viaturas\/volvo-v60-t6-awd-inscription-341cv\/","url":"https:\/\/hagmann.pt\/carro-importado\/viaturas\/volvo-v60-t6-awd-inscription-341cv\/","name":"VOLVO V60 T6 AWD Inscription (341CV) - Hagmann","isPartOf":{"@id":"https:\/\/hagmann.pt\/carro-importado\/#website"},"primaryImageOfPage":{"@id":"https:\/\/hagmann.pt\/carro-importado\/viaturas\/volvo-v60-t6-awd-inscription-341cv\/#primaryimage"},"image":{"@id":"https:\/\/hagmann.pt\/carro-importado\/viaturas\/volvo-v60-t6-awd-inscription-341cv\/#primaryimage"},"thumbnailUrl":"https:\/\/hagmann.pt\/carro-importado\/wp-content\/uploads\/2024\/05\/01_VOLVO_b.jpg","datePublished":"2024-05-01T12:45:22+00:00","dateModified":"2024-05-02T11:30:51+00:00","breadcrumb":{"@id":"https:\/\/hagmann.pt\/carro-importado\/viaturas\/volvo-v60-t6-awd-inscription-341cv\/#breadcrumb"},"inLanguage":"pt-PT","potentialAction":[{"@type":"ReadAction","target":["https:\/\/hagmann.pt\/carro-importado\/viaturas\/volvo-v60-t6-awd-inscription-341cv\/"]}]},{"@type":"ImageObject","inLanguage":"pt-PT","@id":"https:\/\/hagmann.pt\/carro-importado\/viaturas\/volvo-v60-t6-awd-inscription-341cv\/#primaryimage","url":"https:\/\/hagmann.pt\/carro-importado\/wp-content\/uploads\/2024\/05\/01_VOLVO_b.jpg","contentUrl":"https:\/\/hagmann.pt\/carro-importado\/wp-content\/uploads\/2024\/05\/01_VOLVO_b.jpg","width":1024,"height":700},{"@type":"BreadcrumbList","@id":"https:\/\/hagmann.pt\/carro-importado\/viaturas\/volvo-v60-t6-awd-inscription-341cv\/#breadcrumb","itemListElement":[{"@type":"ListItem","position":1,"name":"In\u00edcio","item":"https:\/\/hagmann.pt\/carro-importado\/"},{"@type":"ListItem","position":2,"name":"Viaturas","item":"https:\/\/hagmann.pt\/carro-importado\/viaturas\/"},{"@type":"ListItem","position":3,"name":"VOLVO V60 T6 AWD Inscription (341CV)"}]},{"@type":"WebSite","@id":"https:\/\/hagmann.pt\/carro-importado\/#website","url":"https:\/\/hagmann.pt\/carro-importado\/","name":"Hagmann","description":"Hagmann: A Sua Porta de Entrada para o Mundo Autom\u00f3vel!","publisher":{"@id":"https:\/\/hagmann.pt\/carro-importado\/#organization"},"potentialAction":[{"@type":"SearchAction","target":{"@type":"EntryPoint","urlTemplate":"https:\/\/hagmann.pt\/carro-importado\/?s={search_term_string}"},"query-input":{"@type":"PropertyValueSpecification","valueRequired":true,"valueName":"search_term_string"}}],"inLanguage":"pt-PT"},{"@type":"Organization","@id":"https:\/\/hagmann.pt\/carro-importado\/#organization","name":"Hagmann","url":"https:\/\/hagmann.pt\/carro-importado\/","logo":{"@type":"ImageObject","inLanguage":"pt-PT","@id":"https:\/\/hagmann.pt\/carro-importado\/#\/schema\/logo\/image\/","url":"https:\/\/hagmann.pt\/carro-importado\/wp-content\/uploads\/2024\/03\/logo_footer.png","contentUrl":"https:\/\/hagmann.pt\/carro-importado\/wp-content\/uploads\/2024\/03\/logo_footer.png","width":341,"height":67,"caption":"Hagmann"},"image":{"@id":"https:\/\/hagmann.pt\/carro-importado\/#\/schema\/logo\/image\/"},"sameAs":["https:\/\/www.facebook.com\/hagmann.auto","https:\/\/www.instagram.com\/hagmann__automoveis\/"]}]}},"_links":{"self":[{"href":"https:\/\/hagmann.pt\/carro-importado\/wp-json\/wp\/v2\/product\/221","targetHints":{"allow":["GET"]}}],"collection":[{"href":"https:\/\/hagmann.pt\/carro-importado\/wp-json\/wp\/v2\/product"}],"about":[{"href":"https:\/\/hagmann.pt\/carro-importado\/wp-json\/wp\/v2\/types\/product"}],"replies":[{"embeddable":true,"href":"https:\/\/hagmann.pt\/carro-importado\/wp-json\/wp\/v2\/comments?post=221"}],"wp:featuredmedia":[{"embeddable":true,"href":"https:\/\/hagmann.pt\/carro-importado\/wp-json\/wp\/v2\/media\/222"}],"wp:attachment":[{"href":"https:\/\/hagmann.pt\/carro-importado\/wp-json\/wp\/v2\/media?parent=221"}],"wp:term":[{"taxonomy":"product_cat","embeddable":true,"href":"https:\/\/hagmann.pt\/carro-importado\/wp-json\/wp\/v2\/product_cat?post=221"},{"taxonomy":"product_tag","embeddable":true,"href":"https:\/\/hagmann.pt\/carro-importado\/wp-json\/wp\/v2\/product_tag?post=221"}],"curies":[{"name":"wp","href":"https:\/\/api.w.org\/{rel}","templated":true}]}}