{"id":8,"date":"2024-03-25T12:09:40","date_gmt":"2024-03-25T12:09:40","guid":{"rendered":"https:\/\/hagmann.pt\/carro-importado\/?page_id=8"},"modified":"2024-03-25T22:28:44","modified_gmt":"2024-03-25T22:28:44","slug":"blog","status":"publish","type":"page","link":"https:\/\/hagmann.pt\/carro-importado\/blog\/","title":{"rendered":"Blog"},"content":{"rendered":"<p>[et_pb_section fb_built=&#8221;1&#8243; custom_padding_last_edited=&#8221;on|phone&#8221; _builder_version=&#8221;4.24.2&#8243; _module_preset=&#8221;default&#8221; custom_margin=&#8221;0px|0px|80px|0px|false|false&#8221; custom_padding=&#8221;200px|24px|0px|24px|false|false&#8221; custom_padding_tablet=&#8221;120px||||false|false&#8221; custom_padding_phone=&#8221;100px||||false|false&#8221; global_colors_info=&#8221;{}&#8221;][et_pb_row _builder_version=&#8221;4.24.2&#8243; _module_preset=&#8221;default&#8221; width=&#8221;100%&#8221; max_width=&#8221;1200px&#8221; custom_margin=&#8221;0px|auto|20px|auto|false|false&#8221; custom_padding=&#8221;0px|0px|0px|0px|false|false&#8221; global_colors_info=&#8221;{}&#8221;][et_pb_column type=&#8221;4_4&#8243; _builder_version=&#8221;4.24.2&#8243; _module_preset=&#8221;default&#8221; global_colors_info=&#8221;{}&#8221;][et_pb_text _builder_version=&#8221;4.24.2&#8243; _module_preset=&#8221;default&#8221; hover_enabled=&#8221;0&#8243; custom_css_free_form=&#8221;selector h1 {||  font-size: 32px;||  font-weight: 600;||  line-height: 48px;||  color: #6a6a6a;||  text-align: center;||}||||@media (max-width: 768px) {||  selector h1 {||    font-size: 24px;||    line-height: 34px;||  }||}&#8221; global_colors_info=&#8221;{}&#8221; sticky_enabled=&#8221;0&#8243;]<\/p>\n<h1>Bem-vindos ao Blog da Hagmann!<\/h1>\n<p>[\/et_pb_text][\/et_pb_column][\/et_pb_row][et_pb_row _builder_version=&#8221;4.24.2&#8243; _module_preset=&#8221;default&#8221; width=&#8221;100%&#8221; max_width=&#8221;1200px&#8221; custom_margin=&#8221;0px|auto|40px|auto|false|false&#8221; custom_padding=&#8221;0px|0px|0px|0px|false|false&#8221; global_colors_info=&#8221;{}&#8221;][et_pb_column type=&#8221;4_4&#8243; _builder_version=&#8221;4.24.2&#8243; _module_preset=&#8221;default&#8221; global_colors_info=&#8221;{}&#8221;][et_pb_text _builder_version=&#8221;4.24.2&#8243; _module_preset=&#8221;default&#8221; hover_enabled=&#8221;0&#8243; custom_css_free_form=&#8221;selector p {||  font-size: 24px;||  font-weight: 400;||  line-height: 36px;||  text-align: center;||  color: #6a6a6a;||}||||selector ul {||  padding-left: 24px !important;||  margin-top: 40px;||  margin-bottom: 40px;||}||||selector li {||  font-size: 24px;||  font-weight: 400;||  line-height: 36px;||  color: #6a6a6a;||}||||@media (max-width: 768px) {||  selector p {||    font-size: 17px;||    line-height: 24px;||  }||  selector li {||    font-size: 17px;||    line-height: 24px;||  }||}&#8221; global_colors_info=&#8221;{}&#8221; sticky_enabled=&#8221;0&#8243;]<\/p>\n<p>Seja apaixonado por carros, um entusiasta da ind\u00fastria autom\u00f3vel ou simplesmente algu\u00e9m que procura informa\u00e7\u00f5es sobre importa\u00e7\u00e3o de ve\u00edculos, este blog \u00e9 para si!<\/p>\n<p>Na Hagmann, acreditamos que a experi\u00eancia de condu\u00e7\u00e3o deve ser excitante e gratificante. Por isso, dedicamo-nos a fornecer aos nossos clientes acesso a uma vasta gama de ve\u00edculos de todo o mundo, desde modelos populares at\u00e9 carros de luxo e cl\u00e1ssicos raros.<\/p>\n<p>Neste blog, encontrar\u00e1 uma variedade de conte\u00fados informativos e cativantes, tais como:<\/p>\n<ul>\n<li><strong>Not\u00edcias e tend\u00eancias do mundo autom\u00f3vel:<\/strong> Mantenha-se atualizado sobre os \u00faltimos lan\u00e7amentos, tecnologias inovadoras e eventos importantes do setor.<\/li>\n<li><strong>Dicas e informa\u00e7\u00f5es sobre importa\u00e7\u00e3o de ve\u00edculos:<\/strong> Desvende os segredos do processo de importa\u00e7\u00e3o e aprenda como encontrar o carro ideal para as suas necessidades e or\u00e7amento.<\/li>\n<li><strong>Testes drive e avalia\u00e7\u00f5es de carros:<\/strong> Explore as caracter\u00edsticas e o desempenho de diversos modelos atrav\u00e9s de an\u00e1lises detalhadas e imparciais.<\/li>\n<li><strong>Reportagens sobre eventos e novidades do setor:<\/strong> Participe virtualmente dos principais eventos automobil\u00edsticos e descubra as \u00faltimas inova\u00e7\u00f5es do mercado.<\/li>\n<li><strong>E muito mais!:<\/strong> Explore a nossa biblioteca de conte\u00fados e encontre informa\u00e7\u00f5es sobre os diversos temas relacionados \u00e0 paix\u00e3o por autom\u00f3veis.<\/li>\n<\/ul>\n<p>Convidamos a navegar pelo nosso blog, a se inspirar e a se conectar com a nossa comunidade de apaixonados por carros.<\/p>\n<p>[\/et_pb_text][\/et_pb_column][\/et_pb_row][et_pb_row _builder_version=&#8221;4.24.2&#8243; _module_preset=&#8221;default&#8221; custom_margin=&#8221;0px|auto|0px|auto|false|false&#8221; custom_padding=&#8221;0px|0px|0px|0px|false|false&#8221; width=&#8221;100%&#8221; max_width=&#8221;1200px&#8221; hover_enabled=&#8221;0&#8243; sticky_enabled=&#8221;0&#8243;][et_pb_column _builder_version=&#8221;4.24.2&#8243; _module_preset=&#8221;default&#8221; type=&#8221;4_4&#8243;][et_pb_text _builder_version=&#8221;4.24.2&#8243; _module_preset=&#8221;default&#8221; custom_css_free_form=&#8221;selector h2 {||  font-size: 32px;||  font-weight: 600;||  color: #6a6a6a;||  line-height: 48px;||  text-align: center;||}||||@media (max-width: 768px) {||  selector h2 {||    font-size: 24px;||    line-height: 34px;||  }||}&#8221; hover_enabled=&#8221;0&#8243; sticky_enabled=&#8221;0&#8243;]<\/p>\n<h2>Hagmann: A Sua Porta de Entrada para o Mundo Autom\u00f3vel!<\/h2>\n<p>[\/et_pb_text][\/et_pb_column][\/et_pb_row][\/et_pb_section][et_pb_section fb_built=&#8221;1&#8243; theme_builder_area=&#8221;post_content&#8221; _builder_version=&#8221;4.24.2&#8243; _module_preset=&#8221;default&#8221; custom_margin=&#8221;0px|0px|80px|0px|false|false&#8221; custom_padding=&#8221;0px|24px|0px|24px|false|false&#8221; hover_enabled=&#8221;0&#8243; sticky_enabled=&#8221;0&#8243;][et_pb_row _builder_version=&#8221;4.24.2&#8243; _module_preset=&#8221;default&#8221; theme_builder_area=&#8221;post_content&#8221; custom_margin=&#8221;0px|auto|0px|auto|false|false&#8221; custom_padding=&#8221;0px|0px|0px|0px|false|false&#8221; width=&#8221;100%&#8221; max_width=&#8221;1200px&#8221; hover_enabled=&#8221;0&#8243; sticky_enabled=&#8221;0&#8243;][et_pb_column _builder_version=&#8221;4.24.2&#8243; _module_preset=&#8221;default&#8221; type=&#8221;4_4&#8243; theme_builder_area=&#8221;post_content&#8221;][et_pb_blog _builder_version=&#8221;4.24.2&#8243; _module_preset=&#8221;default&#8221; theme_builder_area=&#8221;post_content&#8221; hover_enabled=&#8221;0&#8243; sticky_enabled=&#8221;0&#8243; posts_number=&#8221;9&#8243; use_manual_excerpt=&#8221;off&#8221; fullwidth=&#8221;off&#8221; show_author=&#8221;off&#8221; show_categories=&#8221;off&#8221; show_excerpt=&#8221;off&#8221; show_pagination=&#8221;off&#8221; module_id=&#8221;blog_show&#8221;][\/et_pb_blog][\/et_pb_column][\/et_pb_row][\/et_pb_section]<\/p>\n","protected":false},"excerpt":{"rendered":"<p>Bem-vindos ao Blog da Hagmann!Seja apaixonado por carros, um entusiasta da ind\u00fastria autom\u00f3vel ou simplesmente algu\u00e9m que procura informa\u00e7\u00f5es sobre importa\u00e7\u00e3o de ve\u00edculos, este blog \u00e9 para si! Na Hagmann, acreditamos que a experi\u00eancia de condu\u00e7\u00e3o deve ser excitante e gratificante. Por isso, dedicamo-nos a fornecer aos nossos clientes acesso a uma vasta gama de [&hellip;]<\/p>\n","protected":false},"author":1,"featured_media":0,"parent":0,"menu_order":0,"comment_status":"closed","ping_status":"closed","template":"","meta":{"_et_pb_use_builder":"on","_et_pb_old_content":"","_et_gb_content_width":"1080","footnotes":""},"class_list":["post-8","page","type-page","status-publish","hentry"],"yoast_head":"<!-- This site is optimized with the Yoast SEO plugin v23.6 - https:\/\/yoast.com\/wordpress\/plugins\/seo\/ -->\n<title>Blog - Hagmann<\/title>\n<meta name=\"robots\" content=\"index, follow, max-snippet:-1, max-image-preview:large, max-video-preview:-1\" \/>\n<link rel=\"canonical\" href=\"https:\/\/hagmann.pt\/carro-importado\/blog\/\" \/>\n<meta property=\"og:locale\" content=\"pt_PT\" \/>\n<meta property=\"og:type\" content=\"article\" \/>\n<meta property=\"og:title\" content=\"Blog - Hagmann\" \/>\n<meta property=\"og:description\" content=\"Bem-vindos ao Blog da Hagmann!Seja apaixonado por carros, um entusiasta da ind\u00fastria autom\u00f3vel ou simplesmente algu\u00e9m que procura informa\u00e7\u00f5es sobre importa\u00e7\u00e3o de ve\u00edculos, este blog \u00e9 para si! Na Hagmann, acreditamos que a experi\u00eancia de condu\u00e7\u00e3o deve ser excitante e gratificante. Por isso, dedicamo-nos a fornecer aos nossos clientes acesso a uma vasta gama de [&hellip;]\" \/>\n<meta property=\"og:url\" content=\"https:\/\/hagmann.pt\/carro-importado\/blog\/\" \/>\n<meta property=\"og:site_name\" content=\"Hagmann\" \/>\n<meta property=\"article:publisher\" content=\"https:\/\/www.facebook.com\/hagmann.auto\" \/>\n<meta property=\"article:modified_time\" content=\"2024-03-25T22:28:44+00:00\" \/>\n<meta name=\"twitter:card\" content=\"summary_large_image\" \/>\n<meta name=\"twitter:label1\" content=\"Tempo estimado de leitura\" \/>\n\t<meta name=\"twitter:data1\" content=\"4 minutos\" \/>\n<script type=\"application\/ld+json\" class=\"yoast-schema-graph\">{\"@context\":\"https:\/\/schema.org\",\"@graph\":[{\"@type\":\"WebPage\",\"@id\":\"https:\/\/hagmann.pt\/carro-importado\/blog\/\",\"url\":\"https:\/\/hagmann.pt\/carro-importado\/blog\/\",\"name\":\"Blog - Hagmann\",\"isPartOf\":{\"@id\":\"https:\/\/hagmann.pt\/carro-importado\/#website\"},\"datePublished\":\"2024-03-25T12:09:40+00:00\",\"dateModified\":\"2024-03-25T22:28:44+00:00\",\"breadcrumb\":{\"@id\":\"https:\/\/hagmann.pt\/carro-importado\/blog\/#breadcrumb\"},\"inLanguage\":\"pt-PT\",\"potentialAction\":[{\"@type\":\"ReadAction\",\"target\":[\"https:\/\/hagmann.pt\/carro-importado\/blog\/\"]}]},{\"@type\":\"BreadcrumbList\",\"@id\":\"https:\/\/hagmann.pt\/carro-importado\/blog\/#breadcrumb\",\"itemListElement\":[{\"@type\":\"ListItem\",\"position\":1,\"name\":\"In\u00edcio\",\"item\":\"https:\/\/hagmann.pt\/carro-importado\/\"},{\"@type\":\"ListItem\",\"position\":2,\"name\":\"Blog\"}]},{\"@type\":\"WebSite\",\"@id\":\"https:\/\/hagmann.pt\/carro-importado\/#website\",\"url\":\"https:\/\/hagmann.pt\/carro-importado\/\",\"name\":\"Hagmann\",\"description\":\"Hagmann: A Sua Porta de Entrada para o Mundo Autom\u00f3vel!\",\"publisher\":{\"@id\":\"https:\/\/hagmann.pt\/carro-importado\/#organization\"},\"potentialAction\":[{\"@type\":\"SearchAction\",\"target\":{\"@type\":\"EntryPoint\",\"urlTemplate\":\"https:\/\/hagmann.pt\/carro-importado\/?s={search_term_string}\"},\"query-input\":{\"@type\":\"PropertyValueSpecification\",\"valueRequired\":true,\"valueName\":\"search_term_string\"}}],\"inLanguage\":\"pt-PT\"},{\"@type\":\"Organization\",\"@id\":\"https:\/\/hagmann.pt\/carro-importado\/#organization\",\"name\":\"Hagmann\",\"url\":\"https:\/\/hagmann.pt\/carro-importado\/\",\"logo\":{\"@type\":\"ImageObject\",\"inLanguage\":\"pt-PT\",\"@id\":\"https:\/\/hagmann.pt\/carro-importado\/#\/schema\/logo\/image\/\",\"url\":\"https:\/\/hagmann.pt\/carro-importado\/wp-content\/uploads\/2024\/03\/logo_footer.png\",\"contentUrl\":\"https:\/\/hagmann.pt\/carro-importado\/wp-content\/uploads\/2024\/03\/logo_footer.png\",\"width\":341,\"height\":67,\"caption\":\"Hagmann\"},\"image\":{\"@id\":\"https:\/\/hagmann.pt\/carro-importado\/#\/schema\/logo\/image\/\"},\"sameAs\":[\"https:\/\/www.facebook.com\/hagmann.auto\",\"https:\/\/www.instagram.com\/hagmann__automoveis\/\"]}]}<\/script>\n<!-- \/ Yoast SEO plugin. -->","yoast_head_json":{"title":"Blog - Hagmann","robots":{"index":"index","follow":"follow","max-snippet":"max-snippet:-1","max-image-preview":"max-image-preview:large","max-video-preview":"max-video-preview:-1"},"canonical":"https:\/\/hagmann.pt\/carro-importado\/blog\/","og_locale":"pt_PT","og_type":"article","og_title":"Blog - Hagmann","og_description":"Bem-vindos ao Blog da Hagmann!Seja apaixonado por carros, um entusiasta da ind\u00fastria autom\u00f3vel ou simplesmente algu\u00e9m que procura informa\u00e7\u00f5es sobre importa\u00e7\u00e3o de ve\u00edculos, este blog \u00e9 para si! Na Hagmann, acreditamos que a experi\u00eancia de condu\u00e7\u00e3o deve ser excitante e gratificante. Por isso, dedicamo-nos a fornecer aos nossos clientes acesso a uma vasta gama de [&hellip;]","og_url":"https:\/\/hagmann.pt\/carro-importado\/blog\/","og_site_name":"Hagmann","article_publisher":"https:\/\/www.facebook.com\/hagmann.auto","article_modified_time":"2024-03-25T22:28:44+00:00","twitter_card":"summary_large_image","twitter_misc":{"Tempo estimado de leitura":"4 minutos"},"schema":{"@context":"https:\/\/schema.org","@graph":[{"@type":"WebPage","@id":"https:\/\/hagmann.pt\/carro-importado\/blog\/","url":"https:\/\/hagmann.pt\/carro-importado\/blog\/","name":"Blog - Hagmann","isPartOf":{"@id":"https:\/\/hagmann.pt\/carro-importado\/#website"},"datePublished":"2024-03-25T12:09:40+00:00","dateModified":"2024-03-25T22:28:44+00:00","breadcrumb":{"@id":"https:\/\/hagmann.pt\/carro-importado\/blog\/#breadcrumb"},"inLanguage":"pt-PT","potentialAction":[{"@type":"ReadAction","target":["https:\/\/hagmann.pt\/carro-importado\/blog\/"]}]},{"@type":"BreadcrumbList","@id":"https:\/\/hagmann.pt\/carro-importado\/blog\/#breadcrumb","itemListElement":[{"@type":"ListItem","position":1,"name":"In\u00edcio","item":"https:\/\/hagmann.pt\/carro-importado\/"},{"@type":"ListItem","position":2,"name":"Blog"}]},{"@type":"WebSite","@id":"https:\/\/hagmann.pt\/carro-importado\/#website","url":"https:\/\/hagmann.pt\/carro-importado\/","name":"Hagmann","description":"Hagmann: A Sua Porta de Entrada para o Mundo Autom\u00f3vel!","publisher":{"@id":"https:\/\/hagmann.pt\/carro-importado\/#organization"},"potentialAction":[{"@type":"SearchAction","target":{"@type":"EntryPoint","urlTemplate":"https:\/\/hagmann.pt\/carro-importado\/?s={search_term_string}"},"query-input":{"@type":"PropertyValueSpecification","valueRequired":true,"valueName":"search_term_string"}}],"inLanguage":"pt-PT"},{"@type":"Organization","@id":"https:\/\/hagmann.pt\/carro-importado\/#organization","name":"Hagmann","url":"https:\/\/hagmann.pt\/carro-importado\/","logo":{"@type":"ImageObject","inLanguage":"pt-PT","@id":"https:\/\/hagmann.pt\/carro-importado\/#\/schema\/logo\/image\/","url":"https:\/\/hagmann.pt\/carro-importado\/wp-content\/uploads\/2024\/03\/logo_footer.png","contentUrl":"https:\/\/hagmann.pt\/carro-importado\/wp-content\/uploads\/2024\/03\/logo_footer.png","width":341,"height":67,"caption":"Hagmann"},"image":{"@id":"https:\/\/hagmann.pt\/carro-importado\/#\/schema\/logo\/image\/"},"sameAs":["https:\/\/www.facebook.com\/hagmann.auto","https:\/\/www.instagram.com\/hagmann__automoveis\/"]}]}},"_links":{"self":[{"href":"https:\/\/hagmann.pt\/carro-importado\/wp-json\/wp\/v2\/pages\/8","targetHints":{"allow":["GET"]}}],"collection":[{"href":"https:\/\/hagmann.pt\/carro-importado\/wp-json\/wp\/v2\/pages"}],"about":[{"href":"https:\/\/hagmann.pt\/carro-importado\/wp-json\/wp\/v2\/types\/page"}],"author":[{"embeddable":true,"href":"https:\/\/hagmann.pt\/carro-importado\/wp-json\/wp\/v2\/users\/1"}],"replies":[{"embeddable":true,"href":"https:\/\/hagmann.pt\/carro-importado\/wp-json\/wp\/v2\/comments?post=8"}],"version-history":[{"count":6,"href":"https:\/\/hagmann.pt\/carro-importado\/wp-json\/wp\/v2\/pages\/8\/revisions"}],"predecessor-version":[{"id":139,"href":"https:\/\/hagmann.pt\/carro-importado\/wp-json\/wp\/v2\/pages\/8\/revisions\/139"}],"wp:attachment":[{"href":"https:\/\/hagmann.pt\/carro-importado\/wp-json\/wp\/v2\/media?parent=8"}],"curies":[{"name":"wp","href":"https:\/\/api.w.org\/{rel}","templated":true}]}}