{"id":13,"date":"2024-03-25T12:10:04","date_gmt":"2024-03-25T12:10:04","guid":{"rendered":"https:\/\/hagmann.pt\/carro-importado\/?page_id=13"},"modified":"2024-05-10T14:43:06","modified_gmt":"2024-05-10T14:43:06","slug":"viaturas","status":"publish","type":"page","link":"https:\/\/hagmann.pt\/carro-importado\/viaturas\/","title":{"rendered":"Viaturas"},"content":{"rendered":"<p>[et_pb_section fb_built=&#8221;1&#8243; custom_padding_last_edited=&#8221;on|phone&#8221; _builder_version=&#8221;4.24.2&#8243; _module_preset=&#8221;a3965b1c-56d8-437a-bf1d-470eab131ea1&#8243; custom_padding_tablet=&#8221;120px||||false|false&#8221; custom_padding_phone=&#8221;100px||||false|false&#8221; global_colors_info=&#8221;{}&#8221;][et_pb_row _builder_version=&#8221;4.24.2&#8243; _module_preset=&#8221;default&#8221; width=&#8221;100%&#8221; max_width=&#8221;1200px&#8221; custom_margin=&#8221;0px|auto|20px|auto|false|false&#8221; custom_padding=&#8221;0px|0px|0px|0px|false|false&#8221; global_colors_info=&#8221;{}&#8221;][et_pb_column type=&#8221;4_4&#8243; _builder_version=&#8221;4.24.2&#8243; _module_preset=&#8221;default&#8221; global_colors_info=&#8221;{}&#8221;][et_pb_text _builder_version=&#8221;4.24.2&#8243; _module_preset=&#8221;default&#8221; custom_margin=&#8221;0px|0px|0px|0px|false|false&#8221; custom_padding=&#8221;0px|0px|0px|0px|false|false&#8221; custom_css_free_form=&#8221;selector h1 {||  font-size: 32px;||  font-weight: 600;||  color: #6a6a6a;||  line-height: 1.5;||  text-align: center;||}||||@media (max-width: 768px) {||  selector h1 {||    font-size: 24px;||    line-height: 34px;||  }||}&#8221; global_colors_info=&#8221;{}&#8221;]<\/p>\n<h1>Viaturas de Qualidade<\/h1>\n<p>[\/et_pb_text][\/et_pb_column][\/et_pb_row][et_pb_row _builder_version=&#8221;4.24.2&#8243; _module_preset=&#8221;default&#8221; width=&#8221;100%&#8221; max_width=&#8221;1200px&#8221; custom_margin=&#8221;0px|auto|0px|auto|false|false&#8221; custom_padding=&#8221;0px|0px|0px|0px|false|false&#8221; hover_enabled=&#8221;0&#8243; global_colors_info=&#8221;{}&#8221; sticky_enabled=&#8221;0&#8243;][et_pb_column type=&#8221;4_4&#8243; _builder_version=&#8221;4.24.2&#8243; _module_preset=&#8221;default&#8221; global_colors_info=&#8221;{}&#8221;][et_pb_text _builder_version=&#8221;4.24.2&#8243; _module_preset=&#8221;default&#8221; hover_enabled=&#8221;0&#8243; custom_css_free_form=&#8221;selector p {||  font-weight: 400;||  color: #6a6a6a;||  font-size: 24px;||  line-height: 36px;||  text-align: center;||}||||@media (max-width: 768px) {||  selector p {||    font-size: 17px;||    line-height: 24px;||  }||}&#8221; global_colors_info=&#8221;{}&#8221; sticky_enabled=&#8221;0&#8243; text_font_size_last_edited=&#8221;on|phone&#8221; text_font_size=&#8221;12px&#8221; text_font_size_phone=&#8221;10px&#8221; text_font_size_tablet=&#8221;12px&#8221;]<\/p>\n<p>Na Hagmman, somos especialistas em importa\u00e7\u00e3o e venda de carros semi-novos. Oferecemos uma vasta gama de modelos das melhores marcas, a pre\u00e7os competitivos. Todos os nossos carros s\u00e3o cuidadosamente selecionados e inspecionados antes de serem importados, para garantir que os nossos clientes recebam apenas o melhor.<\/p>\n<p>Se procura um carro importado de confian\u00e7a, a Hagmman \u00e9 a escolha ideal. Temos uma equipa experiente e dedicada que o ajudar\u00e1 a encontrar o carro perfeito para as suas necessidades.<\/p>\n<p>[\/et_pb_text][\/et_pb_column][\/et_pb_row][\/et_pb_section][et_pb_section fb_built=&#8221;1&#8243; _builder_version=&#8221;4.24.2&#8243; _module_preset=&#8221;default&#8221; custom_margin=&#8221;0px|0px|80px|0px|false|false&#8221; custom_padding=&#8221;0px|24px|0px|24px|false|false&#8221; global_colors_info=&#8221;{}&#8221;][et_pb_row _builder_version=&#8221;4.24.2&#8243; _module_preset=&#8221;default&#8221; width=&#8221;100%&#8221; max_width=&#8221;1200px&#8221; custom_margin=&#8221;0px|auto|0px|auto|false|false&#8221; custom_padding=&#8221;0px|0px|0px|0px|false|false&#8221; global_colors_info=&#8221;{}&#8221;][et_pb_column type=&#8221;4_4&#8243; _builder_version=&#8221;4.24.2&#8243; _module_preset=&#8221;default&#8221; global_colors_info=&#8221;{}&#8221;][et_pb_shop posts_number=&#8221;9&#8243; columns_number=&#8221;3&#8243; show_rating=&#8221;off&#8221; show_sale_badge=&#8221;off&#8221; module_id=&#8221;viaturas_show&#8221; _builder_version=&#8221;4.24.2&#8243; _module_preset=&#8221;default&#8221; title_font=&#8221;|600|||||||&#8221; title_text_color=&#8221;#6a6a6a&#8221; title_font_size=&#8221;22px&#8221; title_line_height=&#8221;34px&#8221; hover_enabled=&#8221;0&#8243; custom_css_free_form=&#8221;selector li {||  width: 31.3333%;||}&#8221; global_colors_info=&#8221;{}&#8221; sticky_enabled=&#8221;0&#8243;][\/et_pb_shop][\/et_pb_column][\/et_pb_row][\/et_pb_section]<\/p>\n","protected":false},"excerpt":{"rendered":"<p>Viaturas de QualidadeNa Hagmman, somos especialistas em importa\u00e7\u00e3o e venda de carros semi-novos. Oferecemos uma vasta gama de modelos das melhores marcas, a pre\u00e7os competitivos. Todos os nossos carros s\u00e3o cuidadosamente selecionados e inspecionados antes de serem importados, para garantir que os nossos clientes recebam apenas o melhor. Se procura um carro importado de confian\u00e7a, [&hellip;]<\/p>\n","protected":false},"author":1,"featured_media":0,"parent":0,"menu_order":0,"comment_status":"closed","ping_status":"closed","template":"","meta":{"_et_pb_use_builder":"on","_et_pb_old_content":"","_et_gb_content_width":"","footnotes":""},"class_list":["post-13","page","type-page","status-publish","hentry"],"yoast_head":"<!-- This site is optimized with the Yoast SEO plugin v23.6 - https:\/\/yoast.com\/wordpress\/plugins\/seo\/ -->\n<title>Viaturas - Hagmann<\/title>\n<meta name=\"robots\" content=\"index, follow, max-snippet:-1, max-image-preview:large, max-video-preview:-1\" \/>\n<link rel=\"canonical\" href=\"https:\/\/hagmann.pt\/carro-importado\/viaturas\/\" \/>\n<meta property=\"og:locale\" content=\"pt_PT\" \/>\n<meta property=\"og:type\" content=\"article\" \/>\n<meta property=\"og:title\" content=\"Viaturas - Hagmann\" \/>\n<meta property=\"og:description\" content=\"Viaturas de QualidadeNa Hagmman, somos especialistas em importa\u00e7\u00e3o e venda de carros semi-novos. Oferecemos uma vasta gama de modelos das melhores marcas, a pre\u00e7os competitivos. Todos os nossos carros s\u00e3o cuidadosamente selecionados e inspecionados antes de serem importados, para garantir que os nossos clientes recebam apenas o melhor. Se procura um carro importado de confian\u00e7a, [&hellip;]\" \/>\n<meta property=\"og:url\" content=\"https:\/\/hagmann.pt\/carro-importado\/viaturas\/\" \/>\n<meta property=\"og:site_name\" content=\"Hagmann\" \/>\n<meta property=\"article:publisher\" content=\"https:\/\/www.facebook.com\/hagmann.auto\" \/>\n<meta property=\"article:modified_time\" content=\"2024-05-10T14:43:06+00:00\" \/>\n<meta name=\"twitter:card\" content=\"summary_large_image\" \/>\n<meta name=\"twitter:label1\" content=\"Tempo estimado de leitura\" \/>\n\t<meta name=\"twitter:data1\" content=\"2 minutos\" \/>\n<script type=\"application\/ld+json\" class=\"yoast-schema-graph\">{\"@context\":\"https:\/\/schema.org\",\"@graph\":[{\"@type\":\"WebPage\",\"@id\":\"https:\/\/hagmann.pt\/carro-importado\/viaturas\/\",\"url\":\"https:\/\/hagmann.pt\/carro-importado\/viaturas\/\",\"name\":\"Viaturas - Hagmann\",\"isPartOf\":{\"@id\":\"https:\/\/hagmann.pt\/carro-importado\/#website\"},\"datePublished\":\"2024-03-25T12:10:04+00:00\",\"dateModified\":\"2024-05-10T14:43:06+00:00\",\"breadcrumb\":{\"@id\":\"https:\/\/hagmann.pt\/carro-importado\/viaturas\/#breadcrumb\"},\"inLanguage\":\"pt-PT\",\"potentialAction\":[{\"@type\":\"ReadAction\",\"target\":[\"https:\/\/hagmann.pt\/carro-importado\/viaturas\/\"]}]},{\"@type\":\"BreadcrumbList\",\"@id\":\"https:\/\/hagmann.pt\/carro-importado\/viaturas\/#breadcrumb\",\"itemListElement\":[{\"@type\":\"ListItem\",\"position\":1,\"name\":\"In\u00edcio\",\"item\":\"https:\/\/hagmann.pt\/carro-importado\/\"},{\"@type\":\"ListItem\",\"position\":2,\"name\":\"Viaturas\"}]},{\"@type\":\"WebSite\",\"@id\":\"https:\/\/hagmann.pt\/carro-importado\/#website\",\"url\":\"https:\/\/hagmann.pt\/carro-importado\/\",\"name\":\"Hagmann\",\"description\":\"Hagmann: A Sua Porta de Entrada para o Mundo Autom\u00f3vel!\",\"publisher\":{\"@id\":\"https:\/\/hagmann.pt\/carro-importado\/#organization\"},\"potentialAction\":[{\"@type\":\"SearchAction\",\"target\":{\"@type\":\"EntryPoint\",\"urlTemplate\":\"https:\/\/hagmann.pt\/carro-importado\/?s={search_term_string}\"},\"query-input\":{\"@type\":\"PropertyValueSpecification\",\"valueRequired\":true,\"valueName\":\"search_term_string\"}}],\"inLanguage\":\"pt-PT\"},{\"@type\":\"Organization\",\"@id\":\"https:\/\/hagmann.pt\/carro-importado\/#organization\",\"name\":\"Hagmann\",\"url\":\"https:\/\/hagmann.pt\/carro-importado\/\",\"logo\":{\"@type\":\"ImageObject\",\"inLanguage\":\"pt-PT\",\"@id\":\"https:\/\/hagmann.pt\/carro-importado\/#\/schema\/logo\/image\/\",\"url\":\"https:\/\/hagmann.pt\/carro-importado\/wp-content\/uploads\/2024\/03\/logo_footer.png\",\"contentUrl\":\"https:\/\/hagmann.pt\/carro-importado\/wp-content\/uploads\/2024\/03\/logo_footer.png\",\"width\":341,\"height\":67,\"caption\":\"Hagmann\"},\"image\":{\"@id\":\"https:\/\/hagmann.pt\/carro-importado\/#\/schema\/logo\/image\/\"},\"sameAs\":[\"https:\/\/www.facebook.com\/hagmann.auto\",\"https:\/\/www.instagram.com\/hagmann__automoveis\/\"]}]}<\/script>\n<!-- \/ Yoast SEO plugin. -->","yoast_head_json":{"title":"Viaturas - Hagmann","robots":{"index":"index","follow":"follow","max-snippet":"max-snippet:-1","max-image-preview":"max-image-preview:large","max-video-preview":"max-video-preview:-1"},"canonical":"https:\/\/hagmann.pt\/carro-importado\/viaturas\/","og_locale":"pt_PT","og_type":"article","og_title":"Viaturas - Hagmann","og_description":"Viaturas de QualidadeNa Hagmman, somos especialistas em importa\u00e7\u00e3o e venda de carros semi-novos. Oferecemos uma vasta gama de modelos das melhores marcas, a pre\u00e7os competitivos. Todos os nossos carros s\u00e3o cuidadosamente selecionados e inspecionados antes de serem importados, para garantir que os nossos clientes recebam apenas o melhor. Se procura um carro importado de confian\u00e7a, [&hellip;]","og_url":"https:\/\/hagmann.pt\/carro-importado\/viaturas\/","og_site_name":"Hagmann","article_publisher":"https:\/\/www.facebook.com\/hagmann.auto","article_modified_time":"2024-05-10T14:43:06+00:00","twitter_card":"summary_large_image","twitter_misc":{"Tempo estimado de leitura":"2 minutos"},"schema":{"@context":"https:\/\/schema.org","@graph":[{"@type":"WebPage","@id":"https:\/\/hagmann.pt\/carro-importado\/viaturas\/","url":"https:\/\/hagmann.pt\/carro-importado\/viaturas\/","name":"Viaturas - Hagmann","isPartOf":{"@id":"https:\/\/hagmann.pt\/carro-importado\/#website"},"datePublished":"2024-03-25T12:10:04+00:00","dateModified":"2024-05-10T14:43:06+00:00","breadcrumb":{"@id":"https:\/\/hagmann.pt\/carro-importado\/viaturas\/#breadcrumb"},"inLanguage":"pt-PT","potentialAction":[{"@type":"ReadAction","target":["https:\/\/hagmann.pt\/carro-importado\/viaturas\/"]}]},{"@type":"BreadcrumbList","@id":"https:\/\/hagmann.pt\/carro-importado\/viaturas\/#breadcrumb","itemListElement":[{"@type":"ListItem","position":1,"name":"In\u00edcio","item":"https:\/\/hagmann.pt\/carro-importado\/"},{"@type":"ListItem","position":2,"name":"Viaturas"}]},{"@type":"WebSite","@id":"https:\/\/hagmann.pt\/carro-importado\/#website","url":"https:\/\/hagmann.pt\/carro-importado\/","name":"Hagmann","description":"Hagmann: A Sua Porta de Entrada para o Mundo Autom\u00f3vel!","publisher":{"@id":"https:\/\/hagmann.pt\/carro-importado\/#organization"},"potentialAction":[{"@type":"SearchAction","target":{"@type":"EntryPoint","urlTemplate":"https:\/\/hagmann.pt\/carro-importado\/?s={search_term_string}"},"query-input":{"@type":"PropertyValueSpecification","valueRequired":true,"valueName":"search_term_string"}}],"inLanguage":"pt-PT"},{"@type":"Organization","@id":"https:\/\/hagmann.pt\/carro-importado\/#organization","name":"Hagmann","url":"https:\/\/hagmann.pt\/carro-importado\/","logo":{"@type":"ImageObject","inLanguage":"pt-PT","@id":"https:\/\/hagmann.pt\/carro-importado\/#\/schema\/logo\/image\/","url":"https:\/\/hagmann.pt\/carro-importado\/wp-content\/uploads\/2024\/03\/logo_footer.png","contentUrl":"https:\/\/hagmann.pt\/carro-importado\/wp-content\/uploads\/2024\/03\/logo_footer.png","width":341,"height":67,"caption":"Hagmann"},"image":{"@id":"https:\/\/hagmann.pt\/carro-importado\/#\/schema\/logo\/image\/"},"sameAs":["https:\/\/www.facebook.com\/hagmann.auto","https:\/\/www.instagram.com\/hagmann__automoveis\/"]}]}},"_links":{"self":[{"href":"https:\/\/hagmann.pt\/carro-importado\/wp-json\/wp\/v2\/pages\/13","targetHints":{"allow":["GET"]}}],"collection":[{"href":"https:\/\/hagmann.pt\/carro-importado\/wp-json\/wp\/v2\/pages"}],"about":[{"href":"https:\/\/hagmann.pt\/carro-importado\/wp-json\/wp\/v2\/types\/page"}],"author":[{"embeddable":true,"href":"https:\/\/hagmann.pt\/carro-importado\/wp-json\/wp\/v2\/users\/1"}],"replies":[{"embeddable":true,"href":"https:\/\/hagmann.pt\/carro-importado\/wp-json\/wp\/v2\/comments?post=13"}],"version-history":[{"count":14,"href":"https:\/\/hagmann.pt\/carro-importado\/wp-json\/wp\/v2\/pages\/13\/revisions"}],"predecessor-version":[{"id":298,"href":"https:\/\/hagmann.pt\/carro-importado\/wp-json\/wp\/v2\/pages\/13\/revisions\/298"}],"wp:attachment":[{"href":"https:\/\/hagmann.pt\/carro-importado\/wp-json\/wp\/v2\/media?parent=13"}],"curies":[{"name":"wp","href":"https:\/\/api.w.org\/{rel}","templated":true}]}}